{"id":1724,"date":"2025-05-23T10:28:33","date_gmt":"2025-05-23T15:28:33","guid":{"rendered":"https:\/\/bfglobal.pe\/inicio\/?post_type=product&#038;p=1724"},"modified":"2025-05-23T10:40:24","modified_gmt":"2025-05-23T15:40:24","slug":"arm-270bi","status":"publish","type":"product","link":"https:\/\/bfglobal.pe\/inicio\/producto\/arm-270bi\/","title":{"rendered":"ARM 270BI"},"content":{"rendered":"<p>Motor electromec\u00e1nico irreversible con mecanismo lineal de corriente directa con encoder. Incluye m\u00f3dulo de control. Accionalo mediante control remoto o bot\u00f3n pulsador (No incluidos).<\/p>\n<h5>CARACTER\u00cdSTICAS<\/h5>\n<p>\u2022 Uso industrial y residencial<br \/>\n\u2022 Para puertas batientes con una longitud m\u00e1xima de hoja de 5 metros<br \/>\n\u2022 Accionador con mecanismo lineal (salida de v\u00e1stago)<br \/>\n\u2022 Soportes de fijaci\u00f3n para soldar incluidos<br \/>\n\u2022 Apto para puertas de gran tama\u00f1o, tambi\u00e9n con grandes columnas<br \/>\n\u2022 Simplificaci\u00f3n del cableado gracias a las conexiones el\u00e9ctricas superiores<br \/>\n\u2022 Desbloqueo manual con llave personalizada<br \/>\n\u2022 Instalaci\u00f3n r\u00e1pida y sencilla<\/p>\n<h5>VENTAJAS<\/h5>\n<p>\u2022 Motor de baja tensi\u00f3n<br \/>\n\u2022 Autorregulaci\u00f3n del recorrido de la puerta por medio de un encoder \u00f3ptico<br \/>\n\u2022 Detecci\u00f3n de obst\u00e1culos y seguridad anti aplastamiento<br \/>\n\u2022 Conforme a las normas EN 12453<br \/>\n\u2022 Funciona incluso cuando falta la corriente gracias a la bater\u00eda de respaldo (opcional)<br \/>\n\u2022 Mayor velocidad<br \/>\n\u2022 Paro suave en apertura y cierre<br \/>\n\u2022 Uso intensivo<\/p>\n","protected":false},"excerpt":{"rendered":"<h1>Automatismo para puertas batientes con una longitud m\u00e1xima de hasta 5 metros por hoja.<\/h1>\n","protected":false},"featured_media":1725,"template":"","meta":{"_joinchat":[]},"product_brand":[42],"product_cat":[41],"product_tag":[],"class_list":{"0":"post-1724","1":"product","2":"type-product","3":"status-publish","4":"has-post-thumbnail","6":"product_brand-tau-","7":"product_cat-motores-para-puertas-batientes","9":"first","10":"instock","11":"shipping-taxable","12":"purchasable","13":"product-type-simple"},"yoast_head":"<!-- This site is optimized with the Yoast SEO plugin v27.5 - https:\/\/yoast.com\/product\/yoast-seo-wordpress\/ -->\n<title>ARM 270BI &#8211; BF GLOBAL<\/title>\n<meta name=\"description\" content=\"Motor para puertas batientes con una longitud m\u00e1xima de hasta 5 metros por hoja.\" \/>\n<meta name=\"robots\" content=\"index, follow, max-snippet:-1, max-image-preview:large, max-video-preview:-1\" \/>\n<link rel=\"canonical\" href=\"https:\/\/bfglobal.pe\/inicio\/producto\/arm-270bi\/\" \/>\n<meta property=\"og:locale\" content=\"es_ES\" \/>\n<meta property=\"og:type\" content=\"article\" \/>\n<meta property=\"og:title\" content=\"ARM 270BI &#8211; BF GLOBAL\" \/>\n<meta property=\"og:description\" content=\"Motor para puertas batientes con una longitud m\u00e1xima de hasta 5 metros por hoja.\" \/>\n<meta property=\"og:url\" content=\"https:\/\/bfglobal.pe\/inicio\/producto\/arm-270bi\/\" \/>\n<meta property=\"og:site_name\" content=\"BF GLOBAL\" \/>\n<meta property=\"article:modified_time\" content=\"2025-05-23T15:40:24+00:00\" \/>\n<meta property=\"og:image\" content=\"https:\/\/bfglobal.pe\/inicio\/wp-content\/uploads\/2025\/05\/TAU-017-1.jpg\" \/>\n\t<meta property=\"og:image:width\" content=\"800\" \/>\n\t<meta property=\"og:image:height\" content=\"1000\" \/>\n\t<meta property=\"og:image:type\" content=\"image\/jpeg\" \/>\n<meta name=\"twitter:card\" content=\"summary_large_image\" \/>\n<meta name=\"twitter:label1\" content=\"Tiempo de lectura\" \/>\n\t<meta name=\"twitter:data1\" content=\"1 minuto\" \/>\n<script type=\"application\/ld+json\" class=\"yoast-schema-graph\">{\"@context\":\"https:\\\/\\\/schema.org\",\"@graph\":[{\"@type\":\"WebPage\",\"@id\":\"https:\\\/\\\/bfglobal.pe\\\/inicio\\\/producto\\\/arm-270bi\\\/\",\"url\":\"https:\\\/\\\/bfglobal.pe\\\/inicio\\\/producto\\\/arm-270bi\\\/\",\"name\":\"ARM 270BI &#8211; BF GLOBAL\",\"isPartOf\":{\"@id\":\"https:\\\/\\\/bfglobal.pe\\\/inicio\\\/#website\"},\"primaryImageOfPage\":{\"@id\":\"https:\\\/\\\/bfglobal.pe\\\/inicio\\\/producto\\\/arm-270bi\\\/#primaryimage\"},\"image\":{\"@id\":\"https:\\\/\\\/bfglobal.pe\\\/inicio\\\/producto\\\/arm-270bi\\\/#primaryimage\"},\"thumbnailUrl\":\"https:\\\/\\\/bfglobal.pe\\\/inicio\\\/wp-content\\\/uploads\\\/2025\\\/05\\\/TAU-017-1.jpg\",\"datePublished\":\"2025-05-23T15:28:33+00:00\",\"dateModified\":\"2025-05-23T15:40:24+00:00\",\"description\":\"Motor para puertas batientes con una longitud m\u00e1xima de hasta 5 metros por hoja.\",\"breadcrumb\":{\"@id\":\"https:\\\/\\\/bfglobal.pe\\\/inicio\\\/producto\\\/arm-270bi\\\/#breadcrumb\"},\"inLanguage\":\"es\",\"potentialAction\":[{\"@type\":\"ReadAction\",\"target\":[\"https:\\\/\\\/bfglobal.pe\\\/inicio\\\/producto\\\/arm-270bi\\\/\"]}]},{\"@type\":\"ImageObject\",\"inLanguage\":\"es\",\"@id\":\"https:\\\/\\\/bfglobal.pe\\\/inicio\\\/producto\\\/arm-270bi\\\/#primaryimage\",\"url\":\"https:\\\/\\\/bfglobal.pe\\\/inicio\\\/wp-content\\\/uploads\\\/2025\\\/05\\\/TAU-017-1.jpg\",\"contentUrl\":\"https:\\\/\\\/bfglobal.pe\\\/inicio\\\/wp-content\\\/uploads\\\/2025\\\/05\\\/TAU-017-1.jpg\",\"width\":800,\"height\":1000},{\"@type\":\"BreadcrumbList\",\"@id\":\"https:\\\/\\\/bfglobal.pe\\\/inicio\\\/producto\\\/arm-270bi\\\/#breadcrumb\",\"itemListElement\":[{\"@type\":\"ListItem\",\"position\":1,\"name\":\"Portada\",\"item\":\"https:\\\/\\\/bfglobal.pe\\\/inicio\\\/\"},{\"@type\":\"ListItem\",\"position\":2,\"name\":\"Productos\",\"item\":\"https:\\\/\\\/bfglobal.pe\\\/inicio\\\/products\\\/\"},{\"@type\":\"ListItem\",\"position\":3,\"name\":\"ARM 270BI\"}]},{\"@type\":\"WebSite\",\"@id\":\"https:\\\/\\\/bfglobal.pe\\\/inicio\\\/#website\",\"url\":\"https:\\\/\\\/bfglobal.pe\\\/inicio\\\/\",\"name\":\"BF GLOBAL\",\"description\":\"Soluciones en automatizaci\u00f3n portones, aire acondicionado y servicios de infraestructura.\",\"publisher\":{\"@id\":\"https:\\\/\\\/bfglobal.pe\\\/inicio\\\/#organization\"},\"potentialAction\":[{\"@type\":\"SearchAction\",\"target\":{\"@type\":\"EntryPoint\",\"urlTemplate\":\"https:\\\/\\\/bfglobal.pe\\\/inicio\\\/?s={search_term_string}\"},\"query-input\":{\"@type\":\"PropertyValueSpecification\",\"valueRequired\":true,\"valueName\":\"search_term_string\"}}],\"inLanguage\":\"es\"},{\"@type\":\"Organization\",\"@id\":\"https:\\\/\\\/bfglobal.pe\\\/inicio\\\/#organization\",\"name\":\"BF Global\",\"url\":\"https:\\\/\\\/bfglobal.pe\\\/inicio\\\/\",\"logo\":{\"@type\":\"ImageObject\",\"inLanguage\":\"es\",\"@id\":\"https:\\\/\\\/bfglobal.pe\\\/inicio\\\/#\\\/schema\\\/logo\\\/image\\\/\",\"url\":\"https:\\\/\\\/bfglobal.pe\\\/inicio\\\/wp-content\\\/uploads\\\/2021\\\/08\\\/Nuevo_Logo-removebg-preview.png\",\"contentUrl\":\"https:\\\/\\\/bfglobal.pe\\\/inicio\\\/wp-content\\\/uploads\\\/2021\\\/08\\\/Nuevo_Logo-removebg-preview.png\",\"width\":510,\"height\":489,\"caption\":\"BF Global\"},\"image\":{\"@id\":\"https:\\\/\\\/bfglobal.pe\\\/inicio\\\/#\\\/schema\\\/logo\\\/image\\\/\"}}]}<\/script>\n<!-- \/ Yoast SEO plugin. -->","yoast_head_json":{"title":"ARM 270BI &#8211; BF GLOBAL","description":"Motor para puertas batientes con una longitud m\u00e1xima de hasta 5 metros por hoja.","robots":{"index":"index","follow":"follow","max-snippet":"max-snippet:-1","max-image-preview":"max-image-preview:large","max-video-preview":"max-video-preview:-1"},"canonical":"https:\/\/bfglobal.pe\/inicio\/producto\/arm-270bi\/","og_locale":"es_ES","og_type":"article","og_title":"ARM 270BI &#8211; BF GLOBAL","og_description":"Motor para puertas batientes con una longitud m\u00e1xima de hasta 5 metros por hoja.","og_url":"https:\/\/bfglobal.pe\/inicio\/producto\/arm-270bi\/","og_site_name":"BF GLOBAL","article_modified_time":"2025-05-23T15:40:24+00:00","og_image":[{"width":800,"height":1000,"url":"https:\/\/bfglobal.pe\/inicio\/wp-content\/uploads\/2025\/05\/TAU-017-1.jpg","type":"image\/jpeg"}],"twitter_card":"summary_large_image","twitter_misc":{"Tiempo de lectura":"1 minuto"},"schema":{"@context":"https:\/\/schema.org","@graph":[{"@type":"WebPage","@id":"https:\/\/bfglobal.pe\/inicio\/producto\/arm-270bi\/","url":"https:\/\/bfglobal.pe\/inicio\/producto\/arm-270bi\/","name":"ARM 270BI &#8211; BF GLOBAL","isPartOf":{"@id":"https:\/\/bfglobal.pe\/inicio\/#website"},"primaryImageOfPage":{"@id":"https:\/\/bfglobal.pe\/inicio\/producto\/arm-270bi\/#primaryimage"},"image":{"@id":"https:\/\/bfglobal.pe\/inicio\/producto\/arm-270bi\/#primaryimage"},"thumbnailUrl":"https:\/\/bfglobal.pe\/inicio\/wp-content\/uploads\/2025\/05\/TAU-017-1.jpg","datePublished":"2025-05-23T15:28:33+00:00","dateModified":"2025-05-23T15:40:24+00:00","description":"Motor para puertas batientes con una longitud m\u00e1xima de hasta 5 metros por hoja.","breadcrumb":{"@id":"https:\/\/bfglobal.pe\/inicio\/producto\/arm-270bi\/#breadcrumb"},"inLanguage":"es","potentialAction":[{"@type":"ReadAction","target":["https:\/\/bfglobal.pe\/inicio\/producto\/arm-270bi\/"]}]},{"@type":"ImageObject","inLanguage":"es","@id":"https:\/\/bfglobal.pe\/inicio\/producto\/arm-270bi\/#primaryimage","url":"https:\/\/bfglobal.pe\/inicio\/wp-content\/uploads\/2025\/05\/TAU-017-1.jpg","contentUrl":"https:\/\/bfglobal.pe\/inicio\/wp-content\/uploads\/2025\/05\/TAU-017-1.jpg","width":800,"height":1000},{"@type":"BreadcrumbList","@id":"https:\/\/bfglobal.pe\/inicio\/producto\/arm-270bi\/#breadcrumb","itemListElement":[{"@type":"ListItem","position":1,"name":"Portada","item":"https:\/\/bfglobal.pe\/inicio\/"},{"@type":"ListItem","position":2,"name":"Productos","item":"https:\/\/bfglobal.pe\/inicio\/products\/"},{"@type":"ListItem","position":3,"name":"ARM 270BI"}]},{"@type":"WebSite","@id":"https:\/\/bfglobal.pe\/inicio\/#website","url":"https:\/\/bfglobal.pe\/inicio\/","name":"BF GLOBAL","description":"Soluciones en automatizaci\u00f3n portones, aire acondicionado y servicios de infraestructura.","publisher":{"@id":"https:\/\/bfglobal.pe\/inicio\/#organization"},"potentialAction":[{"@type":"SearchAction","target":{"@type":"EntryPoint","urlTemplate":"https:\/\/bfglobal.pe\/inicio\/?s={search_term_string}"},"query-input":{"@type":"PropertyValueSpecification","valueRequired":true,"valueName":"search_term_string"}}],"inLanguage":"es"},{"@type":"Organization","@id":"https:\/\/bfglobal.pe\/inicio\/#organization","name":"BF Global","url":"https:\/\/bfglobal.pe\/inicio\/","logo":{"@type":"ImageObject","inLanguage":"es","@id":"https:\/\/bfglobal.pe\/inicio\/#\/schema\/logo\/image\/","url":"https:\/\/bfglobal.pe\/inicio\/wp-content\/uploads\/2021\/08\/Nuevo_Logo-removebg-preview.png","contentUrl":"https:\/\/bfglobal.pe\/inicio\/wp-content\/uploads\/2021\/08\/Nuevo_Logo-removebg-preview.png","width":510,"height":489,"caption":"BF Global"},"image":{"@id":"https:\/\/bfglobal.pe\/inicio\/#\/schema\/logo\/image\/"}}]}},"jetpack_sharing_enabled":true,"_links":{"self":[{"href":"https:\/\/bfglobal.pe\/inicio\/wp-json\/wp\/v2\/product\/1724","targetHints":{"allow":["GET"]}}],"collection":[{"href":"https:\/\/bfglobal.pe\/inicio\/wp-json\/wp\/v2\/product"}],"about":[{"href":"https:\/\/bfglobal.pe\/inicio\/wp-json\/wp\/v2\/types\/product"}],"wp:featuredmedia":[{"embeddable":true,"href":"https:\/\/bfglobal.pe\/inicio\/wp-json\/wp\/v2\/media\/1725"}],"wp:attachment":[{"href":"https:\/\/bfglobal.pe\/inicio\/wp-json\/wp\/v2\/media?parent=1724"}],"wp:term":[{"taxonomy":"product_brand","embeddable":true,"href":"https:\/\/bfglobal.pe\/inicio\/wp-json\/wp\/v2\/product_brand?post=1724"},{"taxonomy":"product_cat","embeddable":true,"href":"https:\/\/bfglobal.pe\/inicio\/wp-json\/wp\/v2\/product_cat?post=1724"},{"taxonomy":"product_tag","embeddable":true,"href":"https:\/\/bfglobal.pe\/inicio\/wp-json\/wp\/v2\/product_tag?post=1724"}],"curies":[{"name":"wp","href":"https:\/\/api.w.org\/{rel}","templated":true}]}}